{"id":246,"date":"2020-12-14T12:15:21","date_gmt":"2020-12-14T11:15:21","guid":{"rendered":"http:\/\/projetorientation.com\/?page_id=246"},"modified":"2021-01-21T12:11:28","modified_gmt":"2021-01-21T11:11:28","slug":"accueil","status":"publish","type":"page","link":"https:\/\/projetorientation.com\/","title":{"rendered":"ACCUEIL"},"content":{"rendered":"\n<p class=\"has-black-color has-text-color\"><strong>PROJET ORIENTATION<\/strong> est la solution pour accompagner votre enfant \u00e0 <strong>d\u00e9finir l&rsquo;orientation<\/strong> qui <strong>correspond<\/strong> le mieux \u00e0 <strong>sa personnalit\u00e9<\/strong>, <strong>ses talents<\/strong> et <strong>son environnement<\/strong> <\/p>\n\n\n\n<p class=\"has-white-color has-vivid-red-background-color has-text-color has-background\">NOTRE OBJECTIF : OFFRIR A VOTRE ENFANT UN PROJET REALISTE ET MOTIVANT .<\/p>\n\n\n\n<p class=\"has-black-color has-text-color\"><strong>PROJET ORIENTATION<\/strong> vous propose une d\u00e9marche <strong>personnalis\u00e9e et encadr\u00e9e<\/strong>, pour que votre enfant se d\u00e9couvre, se r\u00e9v\u00e8le et s&rsquo;engage dans un projet fait pour lui.<\/p>\n\n\n\n<p class=\"has-black-color has-text-color\">Un <strong>expert<\/strong> de l&rsquo;orientation scolaire et professionnelle, \u00e9paul\u00e9 par un psychologue, accompagne votre enfant, de l&rsquo;\u00e9valuation de ses talents et de ses envies, \u00e0 la d\u00e9couverte des fili\u00e8res m\u00e9tiers les plus adapt\u00e9es pour lui.<\/p>\n\n\n\n<p class=\"has-black-color has-text-color\">Durant plusieurs semaines, l&rsquo;expert aide votre enfant \u00e0 <strong>construire son projet<\/strong> personnel.<\/p>\n\n\n\n<p class=\"has-black-color has-cyan-bluish-gray-background-color has-text-color has-background\">Avec <strong>PROJET ORIENTATION<\/strong>, votre enfant s&rsquo;engage dans le projet qu&rsquo;il a construit !<\/p>\n","protected":false},"excerpt":{"rendered":"<p>PROJET ORIENTATION est la solution pour accompagner votre enfant \u00e0 d\u00e9finir l&rsquo;orientation qui correspond le mieux \u00e0 sa personnalit\u00e9, ses talents et son environnement NOTRE OBJECTIF : OFFRIR A VOTRE ENFANT UN PROJET REALISTE ET MOTIVANT . PROJET ORIENTATION vous propose une d\u00e9marche personnalis\u00e9e et encadr\u00e9e, pour que votre enfant se d\u00e9couvre, se r\u00e9v\u00e8le et<span class=\"post-excerpt-end\">&hellip;<\/span><\/p>\n<p class=\"more-link\"><a href=\"https:\/\/projetorientation.com\/\" class=\"themebutton\">Read More<\/a><\/p>\n","protected":false},"author":1,"featured_media":0,"parent":0,"menu_order":0,"comment_status":"closed","ping_status":"closed","template":"","meta":[],"_links":{"self":[{"href":"https:\/\/projetorientation.com\/index.php\/wp-json\/wp\/v2\/pages\/246"}],"collection":[{"href":"https:\/\/projetorientation.com\/index.php\/wp-json\/wp\/v2\/pages"}],"about":[{"href":"https:\/\/projetorientation.com\/index.php\/wp-json\/wp\/v2\/types\/page"}],"author":[{"embeddable":true,"href":"https:\/\/projetorientation.com\/index.php\/wp-json\/wp\/v2\/users\/1"}],"replies":[{"embeddable":true,"href":"https:\/\/projetorientation.com\/index.php\/wp-json\/wp\/v2\/comments?post=246"}],"version-history":[{"count":6,"href":"https:\/\/projetorientation.com\/index.php\/wp-json\/wp\/v2\/pages\/246\/revisions"}],"predecessor-version":[{"id":348,"href":"https:\/\/projetorientation.com\/index.php\/wp-json\/wp\/v2\/pages\/246\/revisions\/348"}],"wp:attachment":[{"href":"https:\/\/projetorientation.com\/index.php\/wp-json\/wp\/v2\/media?parent=246"}],"curies":[{"name":"wp","href":"https:\/\/api.w.org\/{rel}","templated":true}]}}